{"id":299,"date":"2017-02-20T10:59:40","date_gmt":"2017-02-20T09:59:40","guid":{"rendered":"http:\/\/krausovyboudy.cz\/ubytovani\/"},"modified":"2017-08-28T14:06:11","modified_gmt":"2017-08-28T12:06:11","slug":"ubytovani","status":"publish","type":"page","link":"https:\/\/krausovyboudy.cz\/de\/ubytovani\/","title":{"rendered":"Ubytov\u00e1n\u00ed"},"content":{"rendered":"<p><div class=\"fusion-fullwidth fullwidth-box fusion-builder-row-1 fusion-flex-container nonhundred-percent-fullwidth non-hundred-percent-height-scrolling\" style=\"--awb-border-radius-top-left:0px;--awb-border-radius-top-right:0px;--awb-border-radius-bottom-right:0px;--awb-border-radius-bottom-left:0px;--awb-padding-top:20px;--awb-padding-bottom:20px;--awb-flex-wrap:wrap;\" ><div class=\"fusion-builder-row fusion-row fusion-flex-align-items-flex-start fusion-flex-content-wrap\" style=\"max-width:calc( 1200px + 0px );margin-left: calc(-0px \/ 2 );margin-right: calc(-0px \/ 2 );\"><div class=\"fusion-layout-column fusion_builder_column fusion-builder-column-0 fusion_builder_column_1_1 1_1 fusion-flex-column\" style=\"--awb-bg-size:cover;--awb-width-large:100%;--awb-margin-top-large:0px;--awb-spacing-right-large:0px;--awb-margin-bottom-large:0px;--awb-spacing-left-large:0px;--awb-width-medium:100%;--awb-spacing-right-medium:0px;--awb-spacing-left-medium:0px;--awb-width-small:100%;--awb-spacing-right-small:0px;--awb-spacing-left-small:0px;\"><div class=\"fusion-column-wrapper fusion-flex-justify-content-flex-start fusion-content-layout-column\"><div class=\"fusion-text fusion-text-1\"><h1>Unterkunft<\/h1>\n<\/div><div class=\"fusion-separator fusion-full-width-sep\" style=\"align-self: center;margin-left: auto;margin-right: auto;margin-bottom:25px;width:100%;\"><div class=\"fusion-separator-border sep-single sep-solid\" style=\"--awb-height:20px;--awb-amount:20px;--awb-sep-color:#ffc000;border-color:#ffc000;border-top-width:1px;\"><\/div><\/div><div class=\"fusion-text fusion-text-2\"><h2>Unseren G\u00e4sten stehen:<\/h2>\n<div>&nbsp;<\/div>\n<div id=\"_mcePaste\">\n<div id=\"_mcePaste\">2-Bett-,3-Bett- und 4-Bettzimmer mit Waschbecken, DU \u2013WC und TV-SAT zur Verf\u00fcgung. Das Fr\u00fchst\u00fcck und Abendessen wird in 2 Speiser\u00e4u- men gereicht. Zus\u00e4tzliche Teek\u00fcche auf dem Flur.<\/div>\n<div id=\"_mcePaste\">Parken ist ganzj\u00e4hrig an der Pension m\u00f6glich, im Winter sind allerdings Schneeketten unbedingt erforderlich! Bei besonders schwierigen Schneeverh\u00e4ltnissen ist der Gep\u00e4cktransport trotzdem gesichert.<\/div>\n<\/div>\n<div>&nbsp;<\/div>\n<div>&nbsp;<\/div>\n<div id=\"_mcePaste\"><strong>Rodin\u00e1m, kter\u00e9 maj\u00ed mal\u00e9 d\u011bti, zap\u016fj\u010d\u00edme (zdarma) d\u011btsk\u00e9 post\u00fdlky a&nbsp;j\u00eddeln\u00ed stoli\u010dky.<\/strong><\/div>\n<\/div><\/div><\/div><\/div><\/div><div class=\"fusion-fullwidth fullwidth-box fusion-builder-row-2 fusion-flex-container nonhundred-percent-fullwidth non-hundred-percent-height-scrolling\" style=\"--awb-border-radius-top-left:0px;--awb-border-radius-top-right:0px;--awb-border-radius-bottom-right:0px;--awb-border-radius-bottom-left:0px;--awb-padding-top:20px;--awb-padding-bottom:40px;--awb-flex-wrap:wrap;\" ><div class=\"fusion-builder-row fusion-row fusion-flex-align-items-stretch fusion-flex-content-wrap\" style=\"max-width:1248px;margin-left: calc(-4% \/ 2 );margin-right: calc(-4% \/ 2 );\"><div class=\"fusion-layout-column fusion_builder_column fusion-builder-column-1 fusion_builder_column_1_3 1_3 fusion-flex-column\" style=\"--awb-bg-size:cover;--awb-width-large:33.333333333333%;--awb-margin-top-large:0px;--awb-spacing-right-large:5.76%;--awb-margin-bottom-large:0px;--awb-spacing-left-large:5.76%;--awb-width-medium:33.333333333333%;--awb-spacing-right-medium:5.76%;--awb-spacing-left-medium:5.76%;--awb-width-small:100%;--awb-spacing-right-small:1.92%;--awb-spacing-left-small:1.92%;\"><div class=\"fusion-column-wrapper fusion-flex-justify-content-flex-start fusion-content-layout-column\"><div class=\"fusion-image-element \" style=\"text-align:center;--awb-caption-title-font-family:var(--h2_typography-font-family);--awb-caption-title-font-weight:var(--h2_typography-font-weight);--awb-caption-title-font-style:var(--h2_typography-font-style);--awb-caption-title-size:var(--h2_typography-font-size);--awb-caption-title-transform:var(--h2_typography-text-transform);--awb-caption-title-line-height:var(--h2_typography-line-height);--awb-caption-title-letter-spacing:var(--h2_typography-letter-spacing);\"><span class=\" fusion-imageframe imageframe-none imageframe-1 hover-type-none\"><a href=\"https:\/\/krausovyboudy.cz\/wp-content\/uploads\/2017\/02\/postel.jpg\" class=\"fusion-lightbox\" data-rel=\"iLightbox[8f77efba9da6a7d2aa8]\" data-title=\"postel\" title=\"postel\"><img width=\"800\" height=\"533\" src=\"https:\/\/krausovyboudy.cz\/wp-content\/uploads\/2017\/02\/postel.jpg\" alt class=\"img-responsive wp-image-752\" srcset=\"https:\/\/krausovyboudy.cz\/wp-content\/uploads\/2017\/02\/postel-200x133.jpg 200w, https:\/\/krausovyboudy.cz\/wp-content\/uploads\/2017\/02\/postel-400x267.jpg 400w, https:\/\/krausovyboudy.cz\/wp-content\/uploads\/2017\/02\/postel-600x400.jpg 600w, https:\/\/krausovyboudy.cz\/wp-content\/uploads\/2017\/02\/postel.jpg 800w\" sizes=\"(max-width: 640px) 100vw, 400px\" \/><\/a><\/span><\/div><\/div><\/div><div class=\"fusion-layout-column fusion_builder_column fusion-builder-column-2 fusion_builder_column_1_3 1_3 fusion-flex-column\" style=\"--awb-bg-size:cover;--awb-width-large:33.333333333333%;--awb-margin-top-large:0px;--awb-spacing-right-large:5.76%;--awb-margin-bottom-large:0px;--awb-spacing-left-large:5.76%;--awb-width-medium:33.333333333333%;--awb-spacing-right-medium:5.76%;--awb-spacing-left-medium:5.76%;--awb-width-small:100%;--awb-spacing-right-small:1.92%;--awb-spacing-left-small:1.92%;\"><div class=\"fusion-column-wrapper fusion-flex-justify-content-flex-start fusion-content-layout-column\"><div class=\"fusion-image-element \" style=\"text-align:center;--awb-caption-title-font-family:var(--h2_typography-font-family);--awb-caption-title-font-weight:var(--h2_typography-font-weight);--awb-caption-title-font-style:var(--h2_typography-font-style);--awb-caption-title-size:var(--h2_typography-font-size);--awb-caption-title-transform:var(--h2_typography-text-transform);--awb-caption-title-line-height:var(--h2_typography-line-height);--awb-caption-title-letter-spacing:var(--h2_typography-letter-spacing);\"><span class=\" fusion-imageframe imageframe-none imageframe-2 hover-type-none\"><a href=\"https:\/\/krausovyboudy.cz\/wp-content\/uploads\/2017\/02\/12.jpg\" class=\"fusion-lightbox\" data-rel=\"iLightbox[97d0553f83097247581]\" data-title=\"12\" title=\"12\"><img width=\"800\" height=\"533\" src=\"https:\/\/krausovyboudy.cz\/wp-content\/uploads\/2017\/02\/12.jpg\" alt class=\"img-responsive wp-image-716\" srcset=\"https:\/\/krausovyboudy.cz\/wp-content\/uploads\/2017\/02\/12-200x133.jpg 200w, https:\/\/krausovyboudy.cz\/wp-content\/uploads\/2017\/02\/12-400x267.jpg 400w, https:\/\/krausovyboudy.cz\/wp-content\/uploads\/2017\/02\/12-600x400.jpg 600w, https:\/\/krausovyboudy.cz\/wp-content\/uploads\/2017\/02\/12.jpg 800w\" sizes=\"(max-width: 640px) 100vw, 400px\" \/><\/a><\/span><\/div><\/div><\/div><div class=\"fusion-layout-column fusion_builder_column fusion-builder-column-3 fusion_builder_column_1_3 1_3 fusion-flex-column\" style=\"--awb-bg-size:cover;--awb-width-large:33.333333333333%;--awb-margin-top-large:0px;--awb-spacing-right-large:5.76%;--awb-margin-bottom-large:0px;--awb-spacing-left-large:5.76%;--awb-width-medium:33.333333333333%;--awb-spacing-right-medium:5.76%;--awb-spacing-left-medium:5.76%;--awb-width-small:100%;--awb-spacing-right-small:1.92%;--awb-spacing-left-small:1.92%;\"><div class=\"fusion-column-wrapper fusion-flex-justify-content-flex-start fusion-content-layout-column\"><div class=\"fusion-image-element \" style=\"text-align:center;--awb-caption-title-font-family:var(--h2_typography-font-family);--awb-caption-title-font-weight:var(--h2_typography-font-weight);--awb-caption-title-font-style:var(--h2_typography-font-style);--awb-caption-title-size:var(--h2_typography-font-size);--awb-caption-title-transform:var(--h2_typography-text-transform);--awb-caption-title-line-height:var(--h2_typography-line-height);--awb-caption-title-letter-spacing:var(--h2_typography-letter-spacing);\"><span class=\" fusion-imageframe imageframe-none imageframe-3 hover-type-none\"><a href=\"https:\/\/krausovyboudy.cz\/wp-content\/uploads\/2017\/02\/13.jpg\" class=\"fusion-lightbox\" data-rel=\"iLightbox[d2e8204182f4353d2b7]\" data-title=\"13\" title=\"13\"><img width=\"800\" height=\"533\" src=\"https:\/\/krausovyboudy.cz\/wp-content\/uploads\/2017\/02\/13.jpg\" alt class=\"img-responsive wp-image-718\" srcset=\"https:\/\/krausovyboudy.cz\/wp-content\/uploads\/2017\/02\/13-200x133.jpg 200w, https:\/\/krausovyboudy.cz\/wp-content\/uploads\/2017\/02\/13-400x267.jpg 400w, https:\/\/krausovyboudy.cz\/wp-content\/uploads\/2017\/02\/13-600x400.jpg 600w, https:\/\/krausovyboudy.cz\/wp-content\/uploads\/2017\/02\/13.jpg 800w\" sizes=\"(max-width: 640px) 100vw, 400px\" \/><\/a><\/span><\/div><\/div><\/div><\/div><\/div><\/p>\n","protected":false},"excerpt":{"rendered":"","protected":false},"author":3,"featured_media":0,"parent":0,"menu_order":0,"comment_status":"closed","ping_status":"closed","template":"","meta":{"ngg_post_thumbnail":0},"yoast_head":"<!-- This site is optimized with the Yoast SEO plugin v19.5.1 - https:\/\/yoast.com\/wordpress\/plugins\/seo\/ -->\n<title>Ubytov\u00e1n\u00ed - Krausovy boudy<\/title>\n<meta name=\"robots\" content=\"index, follow, max-snippet:-1, max-image-preview:large, max-video-preview:-1\" \/>\n<link rel=\"canonical\" href=\"https:\/\/krausovyboudy.cz\/de\/ubytovani\/\" \/>\n<meta property=\"og:locale\" content=\"de_DE\" \/>\n<meta property=\"og:type\" content=\"article\" \/>\n<meta property=\"og:title\" content=\"Ubytov\u00e1n\u00ed - Krausovy boudy\" \/>\n<meta property=\"og:url\" content=\"https:\/\/krausovyboudy.cz\/de\/ubytovani\/\" \/>\n<meta property=\"og:site_name\" content=\"Krausovy boudy\" \/>\n<meta property=\"article:modified_time\" content=\"2017-08-28T12:06:11+00:00\" \/>\n<meta name=\"twitter:card\" content=\"summary\" \/>\n<meta name=\"twitter:label1\" content=\"Gesch\u00e4tzte Lesezeit\" \/>\n\t<meta name=\"twitter:data1\" content=\"4 Minuten\" \/>\n<script type=\"application\/ld+json\" class=\"yoast-schema-graph\">{\"@context\":\"https:\/\/schema.org\",\"@graph\":[{\"@type\":\"WebPage\",\"@id\":\"https:\/\/krausovyboudy.cz\/de\/ubytovani\/\",\"url\":\"https:\/\/krausovyboudy.cz\/de\/ubytovani\/\",\"name\":\"Ubytov\u00e1n\u00ed - Krausovy boudy\",\"isPartOf\":{\"@id\":\"https:\/\/krausovyboudy.cz\/#website\"},\"datePublished\":\"2017-02-20T09:59:40+00:00\",\"dateModified\":\"2017-08-28T12:06:11+00:00\",\"breadcrumb\":{\"@id\":\"https:\/\/krausovyboudy.cz\/de\/ubytovani\/#breadcrumb\"},\"inLanguage\":\"de-DE\",\"potentialAction\":[{\"@type\":\"ReadAction\",\"target\":[\"https:\/\/krausovyboudy.cz\/de\/ubytovani\/\"]}]},{\"@type\":\"BreadcrumbList\",\"@id\":\"https:\/\/krausovyboudy.cz\/de\/ubytovani\/#breadcrumb\",\"itemListElement\":[{\"@type\":\"ListItem\",\"position\":1,\"name\":\"Dom\u016f\",\"item\":\"https:\/\/krausovyboudy.cz\/de\/\"},{\"@type\":\"ListItem\",\"position\":2,\"name\":\"Ubytov\u00e1n\u00ed\"}]},{\"@type\":\"WebSite\",\"@id\":\"https:\/\/krausovyboudy.cz\/#website\",\"url\":\"https:\/\/krausovyboudy.cz\/\",\"name\":\"Krausovy boudy\",\"description\":\"Rodinn\u00fd pension ve \u0160pindlerov\u011b Ml\u00fdn\u011b\",\"potentialAction\":[{\"@type\":\"SearchAction\",\"target\":{\"@type\":\"EntryPoint\",\"urlTemplate\":\"https:\/\/krausovyboudy.cz\/?s={search_term_string}\"},\"query-input\":\"required name=search_term_string\"}],\"inLanguage\":\"de-DE\"}]}<\/script>\n<!-- \/ Yoast SEO plugin. -->","yoast_head_json":{"title":"Ubytov\u00e1n\u00ed - Krausovy boudy","robots":{"index":"index","follow":"follow","max-snippet":"max-snippet:-1","max-image-preview":"max-image-preview:large","max-video-preview":"max-video-preview:-1"},"canonical":"https:\/\/krausovyboudy.cz\/de\/ubytovani\/","og_locale":"de_DE","og_type":"article","og_title":"Ubytov\u00e1n\u00ed - Krausovy boudy","og_url":"https:\/\/krausovyboudy.cz\/de\/ubytovani\/","og_site_name":"Krausovy boudy","article_modified_time":"2017-08-28T12:06:11+00:00","twitter_card":"summary","twitter_misc":{"Gesch\u00e4tzte Lesezeit":"4 Minuten"},"schema":{"@context":"https:\/\/schema.org","@graph":[{"@type":"WebPage","@id":"https:\/\/krausovyboudy.cz\/de\/ubytovani\/","url":"https:\/\/krausovyboudy.cz\/de\/ubytovani\/","name":"Ubytov\u00e1n\u00ed - Krausovy boudy","isPartOf":{"@id":"https:\/\/krausovyboudy.cz\/#website"},"datePublished":"2017-02-20T09:59:40+00:00","dateModified":"2017-08-28T12:06:11+00:00","breadcrumb":{"@id":"https:\/\/krausovyboudy.cz\/de\/ubytovani\/#breadcrumb"},"inLanguage":"de-DE","potentialAction":[{"@type":"ReadAction","target":["https:\/\/krausovyboudy.cz\/de\/ubytovani\/"]}]},{"@type":"BreadcrumbList","@id":"https:\/\/krausovyboudy.cz\/de\/ubytovani\/#breadcrumb","itemListElement":[{"@type":"ListItem","position":1,"name":"Dom\u016f","item":"https:\/\/krausovyboudy.cz\/de\/"},{"@type":"ListItem","position":2,"name":"Ubytov\u00e1n\u00ed"}]},{"@type":"WebSite","@id":"https:\/\/krausovyboudy.cz\/#website","url":"https:\/\/krausovyboudy.cz\/","name":"Krausovy boudy","description":"Rodinn\u00fd pension ve \u0160pindlerov\u011b Ml\u00fdn\u011b","potentialAction":[{"@type":"SearchAction","target":{"@type":"EntryPoint","urlTemplate":"https:\/\/krausovyboudy.cz\/?s={search_term_string}"},"query-input":"required name=search_term_string"}],"inLanguage":"de-DE"}]}},"_links":{"self":[{"href":"https:\/\/krausovyboudy.cz\/de\/wp-json\/wp\/v2\/pages\/299"}],"collection":[{"href":"https:\/\/krausovyboudy.cz\/de\/wp-json\/wp\/v2\/pages"}],"about":[{"href":"https:\/\/krausovyboudy.cz\/de\/wp-json\/wp\/v2\/types\/page"}],"author":[{"embeddable":true,"href":"https:\/\/krausovyboudy.cz\/de\/wp-json\/wp\/v2\/users\/3"}],"replies":[{"embeddable":true,"href":"https:\/\/krausovyboudy.cz\/de\/wp-json\/wp\/v2\/comments?post=299"}],"version-history":[{"count":3,"href":"https:\/\/krausovyboudy.cz\/de\/wp-json\/wp\/v2\/pages\/299\/revisions"}],"predecessor-version":[{"id":311,"href":"https:\/\/krausovyboudy.cz\/de\/wp-json\/wp\/v2\/pages\/299\/revisions\/311"}],"wp:attachment":[{"href":"https:\/\/krausovyboudy.cz\/de\/wp-json\/wp\/v2\/media?parent=299"}],"curies":[{"name":"wp","href":"https:\/\/api.w.org\/{rel}","templated":true}]}}