{"id":365,"date":"2017-08-30T14:56:55","date_gmt":"2017-08-30T12:56:55","guid":{"rendered":"http:\/\/krausovyboudy.cz\/?page_id=365"},"modified":"2017-08-30T14:56:55","modified_gmt":"2017-08-30T12:56:55","slug":"vylety-do-okoli","status":"publish","type":"page","link":"https:\/\/krausovyboudy.cz\/de\/vylety-do-okoli\/","title":{"rendered":"V\u00fdlety do okol\u00ed"},"content":{"rendered":"<p><div class=\"fusion-fullwidth fullwidth-box fusion-builder-row-1 fusion-flex-container nonhundred-percent-fullwidth non-hundred-percent-height-scrolling\" style=\"--awb-border-radius-top-left:0px;--awb-border-radius-top-right:0px;--awb-border-radius-bottom-right:0px;--awb-border-radius-bottom-left:0px;--awb-padding-top:20px;--awb-padding-bottom:20px;--awb-flex-wrap:wrap;\" ><div class=\"fusion-builder-row fusion-row fusion-flex-align-items-flex-start fusion-flex-content-wrap\" style=\"max-width:calc( 1200px + 0px );margin-left: calc(-0px \/ 2 );margin-right: calc(-0px \/ 2 );\"><div class=\"fusion-layout-column fusion_builder_column fusion-builder-column-0 fusion_builder_column_1_1 1_1 fusion-flex-column\" style=\"--awb-bg-size:cover;--awb-width-large:100%;--awb-margin-top-large:0px;--awb-spacing-right-large:0px;--awb-margin-bottom-large:0px;--awb-spacing-left-large:0px;--awb-width-medium:100%;--awb-spacing-right-medium:0px;--awb-spacing-left-medium:0px;--awb-width-small:100%;--awb-spacing-right-small:0px;--awb-spacing-left-small:0px;\"><div class=\"fusion-column-wrapper fusion-flex-justify-content-flex-start fusion-content-layout-column\"><div class=\"fusion-text fusion-text-1\"><h1>V\u00fdlety do okol\u00ed<\/h1>\n<\/div><div class=\"fusion-separator fusion-full-width-sep\" style=\"align-self: center;margin-left: auto;margin-right: auto;margin-bottom:25px;width:100%;\"><div class=\"fusion-separator-border sep-single sep-solid\" style=\"--awb-height:20px;--awb-amount:20px;--awb-sep-color:#ffc000;border-color:#ffc000;border-top-width:1px;\"><\/div><\/div><div class=\"fusion-text fusion-text-2\"><h2 id=\"_mcePaste\">Pension Krausovy Boudy<\/h2>\n<div>Je ide\u00e1ln\u00edm v\u00fdchoz\u00edm m\u00edstem jak pro letn\u00ed p\u011b\u0161\u00ed turistiku, tak pro zimn\u00ed t\u016fry na b\u011b\u017ek\u00e1ch po&nbsp;h\u0159ebenech Krkono\u0161.<\/div>\n<div id=\"_mcePaste\">Horn\u00ed M\u00edse\u010dky jsou od na\u0161eho pensionu vzd\u00e1leny asi 1,5 km, odkud m\u016f\u017eete pokra\u010dovat p\u011b\u0161ky nebo autobusem (pouze v&nbsp;letn\u00edm obdob\u00ed) k&nbsp;Vrbatov\u011b boud\u011b a&nbsp;d\u00e1l k&nbsp;prameni Labe, Labsk\u00e9 boud\u011b, Voseck\u00e9 boud\u011b, na Dvora\u010dky\u2026<\/div>\n<div>&nbsp;<\/div>\n<div id=\"_mcePaste\">Denn\u011b (celoro\u010dn\u011b) jezd\u00ed od nedalek\u00e9ho hotelu Nico (asi 500&nbsp;m od na\u0161eho pensionu) autobus na \u0160pindlerovku, kde se daj\u00ed podniknout v\u00fdlety ob\u011bma sm\u011bry po&nbsp;h\u0159ebenech Krkono\u0161 (Petrova bouda, Martinova bouda, Lu\u010dn\u00ed bouda, Sn\u011b\u017eka\u2026).<\/div>\n<div>&nbsp;<\/div>\n<div id=\"_mcePaste\">V letn\u00edm obdob\u00ed jsou lanovky na Medv\u011bd\u00edn &nbsp;a&nbsp;&nbsp;na Pl\u00e1n\u011b v&nbsp;provozu. S&nbsp;jejich pomoc\u00ed se m\u016f\u017eete dostat bez obt\u00ed\u017e\u00ed na h\u0159ebeny Krkono\u0161 a&nbsp;p\u0159i&nbsp;tom si vychutnat kr\u00e1sn\u00fd pohled na \u0160pindler\u016fv Ml\u00fdn a&nbsp;cel\u00e9 okol\u00ed.<\/div>\n<div>&nbsp;<\/div>\n<div id=\"_mcePaste\">Pro zpest\u0159en\u00ed se mohou vyu\u017e\u00edt i&nbsp;okoln\u00ed cyklostezky. &nbsp;Lanovky V\u00e1m kola vyvezou.<\/div>\n<div>&nbsp;<\/div>\n<div id=\"_mcePaste\"><strong>R\u00e1di V\u00e1m porad\u00edme s&nbsp;v\u00fdlety do okol\u00ed a&nbsp;budeme V\u00e1s informovat o&nbsp;jejich n\u00e1ro\u010dnosti.<\/strong><\/div>\n<\/div><\/div><\/div><\/div><\/div><div class=\"fusion-fullwidth fullwidth-box fusion-builder-row-2 fusion-flex-container nonhundred-percent-fullwidth non-hundred-percent-height-scrolling\" style=\"--awb-border-radius-top-left:0px;--awb-border-radius-top-right:0px;--awb-border-radius-bottom-right:0px;--awb-border-radius-bottom-left:0px;--awb-padding-top:30px;--awb-padding-bottom:20px;--awb-flex-wrap:wrap;\" ><div class=\"fusion-builder-row fusion-row fusion-flex-align-items-flex-start fusion-flex-content-wrap\" style=\"max-width:calc( 1200px + 0px );margin-left: calc(-0px \/ 2 );margin-right: calc(-0px \/ 2 );\"><div class=\"fusion-layout-column fusion_builder_column fusion-builder-column-1 fusion_builder_column_1_1 1_1 fusion-flex-column\" style=\"--awb-bg-size:cover;--awb-width-large:100%;--awb-margin-top-large:0px;--awb-spacing-right-large:0px;--awb-margin-bottom-large:0px;--awb-spacing-left-large:0px;--awb-width-medium:100%;--awb-spacing-right-medium:0px;--awb-spacing-left-medium:0px;--awb-width-small:100%;--awb-spacing-right-small:0px;--awb-spacing-left-small:0px;\"><div class=\"fusion-column-wrapper fusion-flex-justify-content-flex-start fusion-content-layout-column\"><div class=\"fusion-image-carousel fusion-image-carousel-fixed fusion-image-carousel-1 lightbox-enabled\"><div class=\"awb-carousel awb-swiper awb-swiper-carousel\" data-autoplay=\"no\" data-columns=\"5\" data-itemmargin=\"13\" data-itemwidth=\"180\" data-touchscroll=\"no\" data-imagesize=\"fixed\"><div class=\"swiper-wrapper awb-image-carousel-wrapper fusion-flex-align-items-center\"><div class=\"swiper-slide\"><div class=\"fusion-carousel-item-wrapper\"><div class=\"fusion-image-wrapper hover-type-none\"><a data-rel=\"iLightbox[image_carousel_1]\" data-title=\"foliage-1829302_640\" aria-label=\"foliage-1829302_640\" href=\"https:\/\/krausovyboudy.cz\/wp-content\/uploads\/2017\/02\/foliage-1829302_640.jpg\" target=\"_self\"><img width=\"320\" height=\"202\" src=\"https:\/\/krausovyboudy.cz\/wp-content\/uploads\/2017\/02\/foliage-1829302_640-320x202.jpg\" class=\"attachment-blog-medium size-blog-medium\" alt=\"\" \/><\/a><\/div><\/div><\/div><div class=\"swiper-slide\"><div class=\"fusion-carousel-item-wrapper\"><div class=\"fusion-image-wrapper hover-type-none\"><a data-rel=\"iLightbox[image_carousel_1]\" data-title=\"the-giant-mountains-2291075_640\" aria-label=\"the-giant-mountains-2291075_640\" href=\"https:\/\/krausovyboudy.cz\/wp-content\/uploads\/2017\/02\/the-giant-mountains-2291075_640.jpg\" target=\"_self\"><img width=\"320\" height=\"202\" src=\"https:\/\/krausovyboudy.cz\/wp-content\/uploads\/2017\/02\/the-giant-mountains-2291075_640-320x202.jpg\" class=\"attachment-blog-medium size-blog-medium\" alt=\"\" \/><\/a><\/div><\/div><\/div><div class=\"swiper-slide\"><div class=\"fusion-carousel-item-wrapper\"><div class=\"fusion-image-wrapper hover-type-none\"><a data-rel=\"iLightbox[image_carousel_1]\" data-title=\"the-giant-mountains-2486652_640\" aria-label=\"the-giant-mountains-2486652_640\" href=\"https:\/\/krausovyboudy.cz\/wp-content\/uploads\/2017\/02\/the-giant-mountains-2486652_640.jpg\" target=\"_self\"><img width=\"320\" height=\"202\" src=\"https:\/\/krausovyboudy.cz\/wp-content\/uploads\/2017\/02\/the-giant-mountains-2486652_640-320x202.jpg\" class=\"attachment-blog-medium size-blog-medium\" alt=\"\" \/><\/a><\/div><\/div><\/div><div class=\"swiper-slide\"><div class=\"fusion-carousel-item-wrapper\"><div class=\"fusion-image-wrapper hover-type-none\"><a data-rel=\"iLightbox[image_carousel_1]\" data-title=\"the-giant-mountains-2187761_640\" aria-label=\"the-giant-mountains-2187761_640\" href=\"https:\/\/krausovyboudy.cz\/wp-content\/uploads\/2017\/02\/the-giant-mountains-2187761_640.jpg\" target=\"_self\"><img width=\"320\" height=\"202\" src=\"https:\/\/krausovyboudy.cz\/wp-content\/uploads\/2017\/02\/the-giant-mountains-2187761_640-320x202.jpg\" class=\"attachment-blog-medium size-blog-medium\" alt=\"\" \/><\/a><\/div><\/div><\/div><\/div><div class=\"awb-swiper-button awb-swiper-button-prev\"><i class=\"awb-icon-angle-left\" aria-hidden=\"true\"><\/i><\/div><div class=\"awb-swiper-button awb-swiper-button-next\"><i class=\"awb-icon-angle-right\" aria-hidden=\"true\"><\/i><\/div><\/div><\/div><\/div><\/div><\/div><\/div><\/p>\n","protected":false},"excerpt":{"rendered":"","protected":false},"author":2,"featured_media":0,"parent":0,"menu_order":0,"comment_status":"closed","ping_status":"closed","template":"","meta":{"ngg_post_thumbnail":0},"yoast_head":"<!-- This site is optimized with the Yoast SEO plugin v19.5.1 - https:\/\/yoast.com\/wordpress\/plugins\/seo\/ -->\n<title>V\u00fdlety do okol\u00ed - Krausovy boudy<\/title>\n<meta name=\"robots\" content=\"index, follow, max-snippet:-1, max-image-preview:large, max-video-preview:-1\" \/>\n<link rel=\"canonical\" href=\"https:\/\/krausovyboudy.cz\/de\/vylety-do-okoli\/\" \/>\n<meta property=\"og:locale\" content=\"de_DE\" \/>\n<meta property=\"og:type\" content=\"article\" \/>\n<meta property=\"og:title\" content=\"V\u00fdlety do okol\u00ed - Krausovy boudy\" \/>\n<meta property=\"og:url\" content=\"https:\/\/krausovyboudy.cz\/de\/vylety-do-okoli\/\" \/>\n<meta property=\"og:site_name\" content=\"Krausovy boudy\" \/>\n<meta name=\"twitter:card\" content=\"summary\" \/>\n<meta name=\"twitter:label1\" content=\"Gesch\u00e4tzte Lesezeit\" \/>\n\t<meta name=\"twitter:data1\" content=\"3 Minuten\" \/>\n<script type=\"application\/ld+json\" class=\"yoast-schema-graph\">{\"@context\":\"https:\/\/schema.org\",\"@graph\":[{\"@type\":\"WebPage\",\"@id\":\"https:\/\/krausovyboudy.cz\/de\/vylety-do-okoli\/\",\"url\":\"https:\/\/krausovyboudy.cz\/de\/vylety-do-okoli\/\",\"name\":\"V\u00fdlety do okol\u00ed - Krausovy boudy\",\"isPartOf\":{\"@id\":\"https:\/\/krausovyboudy.cz\/#website\"},\"datePublished\":\"2017-08-30T12:56:55+00:00\",\"dateModified\":\"2017-08-30T12:56:55+00:00\",\"breadcrumb\":{\"@id\":\"https:\/\/krausovyboudy.cz\/de\/vylety-do-okoli\/#breadcrumb\"},\"inLanguage\":\"de-DE\",\"potentialAction\":[{\"@type\":\"ReadAction\",\"target\":[\"https:\/\/krausovyboudy.cz\/de\/vylety-do-okoli\/\"]}]},{\"@type\":\"BreadcrumbList\",\"@id\":\"https:\/\/krausovyboudy.cz\/de\/vylety-do-okoli\/#breadcrumb\",\"itemListElement\":[{\"@type\":\"ListItem\",\"position\":1,\"name\":\"Dom\u016f\",\"item\":\"https:\/\/krausovyboudy.cz\/de\/\"},{\"@type\":\"ListItem\",\"position\":2,\"name\":\"V\u00fdlety do okol\u00ed\"}]},{\"@type\":\"WebSite\",\"@id\":\"https:\/\/krausovyboudy.cz\/#website\",\"url\":\"https:\/\/krausovyboudy.cz\/\",\"name\":\"Krausovy boudy\",\"description\":\"Rodinn\u00fd pension ve \u0160pindlerov\u011b Ml\u00fdn\u011b\",\"potentialAction\":[{\"@type\":\"SearchAction\",\"target\":{\"@type\":\"EntryPoint\",\"urlTemplate\":\"https:\/\/krausovyboudy.cz\/?s={search_term_string}\"},\"query-input\":\"required name=search_term_string\"}],\"inLanguage\":\"de-DE\"}]}<\/script>\n<!-- \/ Yoast SEO plugin. -->","yoast_head_json":{"title":"V\u00fdlety do okol\u00ed - Krausovy boudy","robots":{"index":"index","follow":"follow","max-snippet":"max-snippet:-1","max-image-preview":"max-image-preview:large","max-video-preview":"max-video-preview:-1"},"canonical":"https:\/\/krausovyboudy.cz\/de\/vylety-do-okoli\/","og_locale":"de_DE","og_type":"article","og_title":"V\u00fdlety do okol\u00ed - Krausovy boudy","og_url":"https:\/\/krausovyboudy.cz\/de\/vylety-do-okoli\/","og_site_name":"Krausovy boudy","twitter_card":"summary","twitter_misc":{"Gesch\u00e4tzte Lesezeit":"3 Minuten"},"schema":{"@context":"https:\/\/schema.org","@graph":[{"@type":"WebPage","@id":"https:\/\/krausovyboudy.cz\/de\/vylety-do-okoli\/","url":"https:\/\/krausovyboudy.cz\/de\/vylety-do-okoli\/","name":"V\u00fdlety do okol\u00ed - Krausovy boudy","isPartOf":{"@id":"https:\/\/krausovyboudy.cz\/#website"},"datePublished":"2017-08-30T12:56:55+00:00","dateModified":"2017-08-30T12:56:55+00:00","breadcrumb":{"@id":"https:\/\/krausovyboudy.cz\/de\/vylety-do-okoli\/#breadcrumb"},"inLanguage":"de-DE","potentialAction":[{"@type":"ReadAction","target":["https:\/\/krausovyboudy.cz\/de\/vylety-do-okoli\/"]}]},{"@type":"BreadcrumbList","@id":"https:\/\/krausovyboudy.cz\/de\/vylety-do-okoli\/#breadcrumb","itemListElement":[{"@type":"ListItem","position":1,"name":"Dom\u016f","item":"https:\/\/krausovyboudy.cz\/de\/"},{"@type":"ListItem","position":2,"name":"V\u00fdlety do okol\u00ed"}]},{"@type":"WebSite","@id":"https:\/\/krausovyboudy.cz\/#website","url":"https:\/\/krausovyboudy.cz\/","name":"Krausovy boudy","description":"Rodinn\u00fd pension ve \u0160pindlerov\u011b Ml\u00fdn\u011b","potentialAction":[{"@type":"SearchAction","target":{"@type":"EntryPoint","urlTemplate":"https:\/\/krausovyboudy.cz\/?s={search_term_string}"},"query-input":"required name=search_term_string"}],"inLanguage":"de-DE"}]}},"_links":{"self":[{"href":"https:\/\/krausovyboudy.cz\/de\/wp-json\/wp\/v2\/pages\/365"}],"collection":[{"href":"https:\/\/krausovyboudy.cz\/de\/wp-json\/wp\/v2\/pages"}],"about":[{"href":"https:\/\/krausovyboudy.cz\/de\/wp-json\/wp\/v2\/types\/page"}],"author":[{"embeddable":true,"href":"https:\/\/krausovyboudy.cz\/de\/wp-json\/wp\/v2\/users\/2"}],"replies":[{"embeddable":true,"href":"https:\/\/krausovyboudy.cz\/de\/wp-json\/wp\/v2\/comments?post=365"}],"version-history":[{"count":1,"href":"https:\/\/krausovyboudy.cz\/de\/wp-json\/wp\/v2\/pages\/365\/revisions"}],"predecessor-version":[{"id":367,"href":"https:\/\/krausovyboudy.cz\/de\/wp-json\/wp\/v2\/pages\/365\/revisions\/367"}],"wp:attachment":[{"href":"https:\/\/krausovyboudy.cz\/de\/wp-json\/wp\/v2\/media?parent=365"}],"curies":[{"name":"wp","href":"https:\/\/api.w.org\/{rel}","templated":true}]}}