{"id":372,"date":"2017-08-30T14:57:20","date_gmt":"2017-08-30T12:57:20","guid":{"rendered":"http:\/\/krausovyboudy.cz\/webkamera\/"},"modified":"2022-08-22T10:00:43","modified_gmt":"2022-08-22T08:00:43","slug":"webkamera","status":"publish","type":"page","link":"https:\/\/krausovyboudy.cz\/de\/webkamera\/","title":{"rendered":"Webkamera"},"content":{"rendered":"<div class=\"fusion-fullwidth fullwidth-box fusion-builder-row-1 fusion-flex-container nonhundred-percent-fullwidth non-hundred-percent-height-scrolling\" style=\"--awb-border-radius-top-left:0px;--awb-border-radius-top-right:0px;--awb-border-radius-bottom-right:0px;--awb-border-radius-bottom-left:0px;--awb-padding-top:20px;--awb-padding-bottom:20px;--awb-flex-wrap:wrap;\" ><div class=\"fusion-builder-row fusion-row fusion-flex-align-items-flex-start fusion-flex-content-wrap\" style=\"max-width:calc( 1200px + 0px );margin-left: calc(-0px \/ 2 );margin-right: calc(-0px \/ 2 );\"><div class=\"fusion-layout-column fusion_builder_column fusion-builder-column-0 fusion_builder_column_1_1 1_1 fusion-flex-column\" style=\"--awb-bg-size:cover;--awb-width-large:100%;--awb-margin-top-large:0px;--awb-spacing-right-large:0px;--awb-margin-bottom-large:0px;--awb-spacing-left-large:0px;--awb-width-medium:100%;--awb-spacing-right-medium:0px;--awb-spacing-left-medium:0px;--awb-width-small:100%;--awb-spacing-right-small:0px;--awb-spacing-left-small:0px;\"><div class=\"fusion-column-wrapper fusion-flex-justify-content-flex-start fusion-content-layout-column\"><div class=\"fusion-text fusion-text-1\"><h1>Webkamera<\/h1>\n<\/div><div class=\"fusion-separator fusion-full-width-sep\" style=\"align-self: center;margin-left: auto;margin-right: auto;margin-bottom:25px;width:100%;\"><div class=\"fusion-separator-border sep-single sep-solid\" style=\"--awb-height:20px;--awb-amount:20px;--awb-sep-color:#ffc000;border-color:#ffc000;border-top-width:1px;\"><\/div><\/div><img src=\"http:\/\/krausovyboudy.cz\/image.jpg\" alt=\"Labsk\u00e1 - Pension Krausovy Boudy, 830 m n.m.\" width=\"1197\" height=\"898\"><\/div><\/div><\/div><\/div>\n","protected":false},"excerpt":{"rendered":"","protected":false},"author":2,"featured_media":0,"parent":0,"menu_order":0,"comment_status":"closed","ping_status":"closed","template":"","meta":{"ngg_post_thumbnail":0},"yoast_head":"<!-- This site is optimized with the Yoast SEO plugin v19.5.1 - https:\/\/yoast.com\/wordpress\/plugins\/seo\/ -->\n<title>Webkamera - Krausovy boudy<\/title>\n<meta name=\"robots\" content=\"index, follow, max-snippet:-1, max-image-preview:large, max-video-preview:-1\" \/>\n<link rel=\"canonical\" href=\"https:\/\/krausovyboudy.cz\/de\/webkamera\/\" \/>\n<meta property=\"og:locale\" content=\"de_DE\" \/>\n<meta property=\"og:type\" content=\"article\" \/>\n<meta property=\"og:title\" content=\"Webkamera - Krausovy boudy\" \/>\n<meta property=\"og:url\" content=\"https:\/\/krausovyboudy.cz\/de\/webkamera\/\" \/>\n<meta property=\"og:site_name\" content=\"Krausovy boudy\" \/>\n<meta property=\"article:modified_time\" content=\"2022-08-22T08:00:43+00:00\" \/>\n<meta name=\"twitter:card\" content=\"summary\" \/>\n<meta name=\"twitter:label1\" content=\"Gesch\u00e4tzte Lesezeit\" \/>\n\t<meta name=\"twitter:data1\" content=\"1 Minute\" \/>\n<script type=\"application\/ld+json\" class=\"yoast-schema-graph\">{\"@context\":\"https:\/\/schema.org\",\"@graph\":[{\"@type\":\"WebPage\",\"@id\":\"https:\/\/krausovyboudy.cz\/de\/webkamera\/\",\"url\":\"https:\/\/krausovyboudy.cz\/de\/webkamera\/\",\"name\":\"Webkamera - Krausovy boudy\",\"isPartOf\":{\"@id\":\"https:\/\/krausovyboudy.cz\/#website\"},\"datePublished\":\"2017-08-30T12:57:20+00:00\",\"dateModified\":\"2022-08-22T08:00:43+00:00\",\"breadcrumb\":{\"@id\":\"https:\/\/krausovyboudy.cz\/de\/webkamera\/#breadcrumb\"},\"inLanguage\":\"de-DE\",\"potentialAction\":[{\"@type\":\"ReadAction\",\"target\":[\"https:\/\/krausovyboudy.cz\/de\/webkamera\/\"]}]},{\"@type\":\"BreadcrumbList\",\"@id\":\"https:\/\/krausovyboudy.cz\/de\/webkamera\/#breadcrumb\",\"itemListElement\":[{\"@type\":\"ListItem\",\"position\":1,\"name\":\"Dom\u016f\",\"item\":\"https:\/\/krausovyboudy.cz\/de\/\"},{\"@type\":\"ListItem\",\"position\":2,\"name\":\"Webkamera\"}]},{\"@type\":\"WebSite\",\"@id\":\"https:\/\/krausovyboudy.cz\/#website\",\"url\":\"https:\/\/krausovyboudy.cz\/\",\"name\":\"Krausovy boudy\",\"description\":\"Rodinn\u00fd pension ve \u0160pindlerov\u011b Ml\u00fdn\u011b\",\"potentialAction\":[{\"@type\":\"SearchAction\",\"target\":{\"@type\":\"EntryPoint\",\"urlTemplate\":\"https:\/\/krausovyboudy.cz\/?s={search_term_string}\"},\"query-input\":\"required name=search_term_string\"}],\"inLanguage\":\"de-DE\"}]}<\/script>\n<!-- \/ Yoast SEO plugin. -->","yoast_head_json":{"title":"Webkamera - Krausovy boudy","robots":{"index":"index","follow":"follow","max-snippet":"max-snippet:-1","max-image-preview":"max-image-preview:large","max-video-preview":"max-video-preview:-1"},"canonical":"https:\/\/krausovyboudy.cz\/de\/webkamera\/","og_locale":"de_DE","og_type":"article","og_title":"Webkamera - Krausovy boudy","og_url":"https:\/\/krausovyboudy.cz\/de\/webkamera\/","og_site_name":"Krausovy boudy","article_modified_time":"2022-08-22T08:00:43+00:00","twitter_card":"summary","twitter_misc":{"Gesch\u00e4tzte Lesezeit":"1 Minute"},"schema":{"@context":"https:\/\/schema.org","@graph":[{"@type":"WebPage","@id":"https:\/\/krausovyboudy.cz\/de\/webkamera\/","url":"https:\/\/krausovyboudy.cz\/de\/webkamera\/","name":"Webkamera - Krausovy boudy","isPartOf":{"@id":"https:\/\/krausovyboudy.cz\/#website"},"datePublished":"2017-08-30T12:57:20+00:00","dateModified":"2022-08-22T08:00:43+00:00","breadcrumb":{"@id":"https:\/\/krausovyboudy.cz\/de\/webkamera\/#breadcrumb"},"inLanguage":"de-DE","potentialAction":[{"@type":"ReadAction","target":["https:\/\/krausovyboudy.cz\/de\/webkamera\/"]}]},{"@type":"BreadcrumbList","@id":"https:\/\/krausovyboudy.cz\/de\/webkamera\/#breadcrumb","itemListElement":[{"@type":"ListItem","position":1,"name":"Dom\u016f","item":"https:\/\/krausovyboudy.cz\/de\/"},{"@type":"ListItem","position":2,"name":"Webkamera"}]},{"@type":"WebSite","@id":"https:\/\/krausovyboudy.cz\/#website","url":"https:\/\/krausovyboudy.cz\/","name":"Krausovy boudy","description":"Rodinn\u00fd pension ve \u0160pindlerov\u011b Ml\u00fdn\u011b","potentialAction":[{"@type":"SearchAction","target":{"@type":"EntryPoint","urlTemplate":"https:\/\/krausovyboudy.cz\/?s={search_term_string}"},"query-input":"required name=search_term_string"}],"inLanguage":"de-DE"}]}},"_links":{"self":[{"href":"https:\/\/krausovyboudy.cz\/de\/wp-json\/wp\/v2\/pages\/372"}],"collection":[{"href":"https:\/\/krausovyboudy.cz\/de\/wp-json\/wp\/v2\/pages"}],"about":[{"href":"https:\/\/krausovyboudy.cz\/de\/wp-json\/wp\/v2\/types\/page"}],"author":[{"embeddable":true,"href":"https:\/\/krausovyboudy.cz\/de\/wp-json\/wp\/v2\/users\/2"}],"replies":[{"embeddable":true,"href":"https:\/\/krausovyboudy.cz\/de\/wp-json\/wp\/v2\/comments?post=372"}],"version-history":[{"count":2,"href":"https:\/\/krausovyboudy.cz\/de\/wp-json\/wp\/v2\/pages\/372\/revisions"}],"predecessor-version":[{"id":579,"href":"https:\/\/krausovyboudy.cz\/de\/wp-json\/wp\/v2\/pages\/372\/revisions\/579"}],"wp:attachment":[{"href":"https:\/\/krausovyboudy.cz\/de\/wp-json\/wp\/v2\/media?parent=372"}],"curies":[{"name":"wp","href":"https:\/\/api.w.org\/{rel}","templated":true}]}}