{"id":287,"date":"2017-08-28T13:45:00","date_gmt":"2017-08-28T11:45:00","guid":{"rendered":"http:\/\/krausovyboudy.cz\/?page_id=287"},"modified":"2022-08-22T09:48:19","modified_gmt":"2022-08-22T07:48:19","slug":"home","status":"publish","type":"page","link":"https:\/\/krausovyboudy.cz\/en\/","title":{"rendered":"HOME"},"content":{"rendered":"<p><div class=\"fusion-fullwidth fullwidth-box fusion-builder-row-1 nonhundred-percent-fullwidth non-hundred-percent-height-scrolling\" style=\"--awb-border-radius-top-left:0px;--awb-border-radius-top-right:0px;--awb-border-radius-bottom-right:0px;--awb-border-radius-bottom-left:0px;--awb-padding-top:40px;--awb-padding-bottom:60px;--awb-flex-wrap:wrap;\" ><div class=\"fusion-builder-row fusion-row\"><div class=\"fusion-layout-column fusion_builder_column fusion-builder-column-0 fusion_builder_column_1_1 1_1 fusion-one-full fusion-column-first fusion-column-last\" style=\"--awb-bg-size:cover;\"><div class=\"fusion-column-wrapper fusion-flex-column-wrapper-legacy\"><div class=\"fusion-text fusion-text-1\"><h1>Krausovy boudy&nbsp;boarding-house<\/h1>\n<\/div><div class=\"fusion-sep-clear\"><\/div><div class=\"fusion-separator fusion-full-width-sep\" style=\"margin-left: auto;margin-right: auto;margin-bottom:20px;width:100%;\"><div class=\"fusion-separator-border sep-single sep-solid\" style=\"--awb-height:20px;--awb-amount:20px;--awb-sep-color:#ffc000;border-color:#ffc000;border-top-width:1px;\"><\/div><\/div><div class=\"fusion-sep-clear\"><\/div><div class=\"fusion-text fusion-text-2\"><p><strong>KRAUSOVY BOUDY<\/strong> boarding-house is located in a&nbsp;beautiful scenery of the Giant Mountains (Krkono\u0161e) close to a&nbsp;reservoir on the Elbe (Labe) river, 760&nbsp;m above sea level, about 2 km from the centre of \u0160pindler\u016fv Ml\u00fdn.&nbsp;Two ski lifts with the ski-runs are just 100&nbsp;m from the hotel. You can reach them on ski from the boarding-house and then get back from the ski-run. There are maintained cross country skiing tracks (to Horn\u00ed M\u00edse\u010dky and Benecko) about 300&nbsp;m away&#8230;<\/p>\n<\/div><div class=\"fusion-clearfix\"><\/div><\/div><\/div><div class=\"fusion-layout-column fusion_builder_column fusion-builder-column-1 fusion_builder_column_1_1 1_1 fusion-one-full fusion-column-first fusion-column-last\" style=\"--awb-bg-size:cover;\"><div class=\"fusion-column-wrapper fusion-flex-column-wrapper-legacy\"><div class=\"fusion-text fusion-text-3\"><h2 style=\"font-size: 38px!important;\">Points of Interest<\/h2>\n<\/div><div class=\"fusion-sep-clear\"><\/div><div class=\"fusion-separator fusion-full-width-sep\" style=\"margin-left: auto;margin-right: auto;margin-bottom:20px;width:100%;\"><div class=\"fusion-separator-border sep-single sep-solid\" style=\"--awb-height:20px;--awb-amount:20px;--awb-sep-color:#ffc000;border-color:#ffc000;border-top-width:1px;\"><\/div><\/div><div class=\"fusion-sep-clear\"><\/div><div class=\"fusion-clearfix\"><\/div><\/div><\/div><div class=\"fusion-layout-column fusion_builder_column fusion-builder-column-2 fusion_builder_column_1_4 1_4 fusion-one-fourth fusion-column-first\" style=\"--awb-bg-size:cover;width:25%;width:calc(25% - ( ( 4% + 4% + 4% ) * 0.25 ) );margin-right: 4%;\"><div class=\"fusion-column-wrapper fusion-flex-column-wrapper-legacy\"><div class=\"fusion-image-element fusion-image-align-center in-legacy-container\" style=\"text-align:center;--awb-caption-title-font-family:var(--h2_typography-font-family);--awb-caption-title-font-weight:var(--h2_typography-font-weight);--awb-caption-title-font-style:var(--h2_typography-font-style);--awb-caption-title-size:var(--h2_typography-font-size);--awb-caption-title-transform:var(--h2_typography-text-transform);--awb-caption-title-line-height:var(--h2_typography-line-height);--awb-caption-title-letter-spacing:var(--h2_typography-letter-spacing);\"><div class=\"imageframe-align-center\"><span class=\" fusion-imageframe imageframe-none imageframe-1 hover-type-none box\"><img width=\"280\" height=\"160\" title=\"img1\" src=\"https:\/\/krausovyboudy.cz\/wp-content\/uploads\/2017\/02\/img1.jpg\" alt class=\"img-responsive wp-image-645\" srcset=\"https:\/\/krausovyboudy.cz\/wp-content\/uploads\/2017\/02\/img1-200x114.jpg 200w, https:\/\/krausovyboudy.cz\/wp-content\/uploads\/2017\/02\/img1.jpg 280w\" sizes=\"(max-width: 800px) 100vw, 280px\" \/><\/span><\/div><\/div><div class=\"fusion-clearfix\"><\/div><\/div><\/div><div class=\"fusion-layout-column fusion_builder_column fusion-builder-column-3 fusion_builder_column_1_4 1_4 fusion-one-fourth\" style=\"--awb-bg-size:cover;width:25%;width:calc(25% - ( ( 4% + 4% + 4% ) * 0.25 ) );margin-right: 4%;\"><div class=\"fusion-column-wrapper fusion-flex-column-wrapper-legacy\"><div class=\"fusion-image-element fusion-image-align-center in-legacy-container\" style=\"text-align:center;--awb-caption-title-font-family:var(--h2_typography-font-family);--awb-caption-title-font-weight:var(--h2_typography-font-weight);--awb-caption-title-font-style:var(--h2_typography-font-style);--awb-caption-title-size:var(--h2_typography-font-size);--awb-caption-title-transform:var(--h2_typography-text-transform);--awb-caption-title-line-height:var(--h2_typography-line-height);--awb-caption-title-letter-spacing:var(--h2_typography-letter-spacing);\"><div class=\"imageframe-align-center\"><span class=\" fusion-imageframe imageframe-none imageframe-2 hover-type-none box\"><a class=\"fusion-no-lightbox\" href=\"https:\/\/www.youtube.com\/watch?v=pK6zFGYub1c\" target=\"_blank\" aria-label=\"video\" rel=\"noopener noreferrer\"><img width=\"280\" height=\"160\" src=\"https:\/\/krausovyboudy.cz\/wp-content\/uploads\/2017\/02\/video-1.jpg\" alt class=\"img-responsive wp-image-767\" srcset=\"https:\/\/krausovyboudy.cz\/wp-content\/uploads\/2017\/02\/video-1-200x114.jpg 200w, https:\/\/krausovyboudy.cz\/wp-content\/uploads\/2017\/02\/video-1.jpg 280w\" sizes=\"(max-width: 800px) 100vw, 280px\" \/><\/a><\/span><\/div><\/div><div class=\"fusion-clearfix\"><\/div><\/div><\/div><div class=\"fusion-layout-column fusion_builder_column fusion-builder-column-4 fusion_builder_column_1_4 1_4 fusion-one-fourth\" style=\"--awb-bg-size:cover;width:25%;width:calc(25% - ( ( 4% + 4% + 4% ) * 0.25 ) );margin-right: 4%;\"><div class=\"fusion-column-wrapper fusion-flex-column-wrapper-legacy\"><div class=\"fusion-image-element fusion-image-align-center in-legacy-container\" style=\"text-align:center;--awb-caption-title-font-family:var(--h2_typography-font-family);--awb-caption-title-font-weight:var(--h2_typography-font-weight);--awb-caption-title-font-style:var(--h2_typography-font-style);--awb-caption-title-size:var(--h2_typography-font-size);--awb-caption-title-transform:var(--h2_typography-text-transform);--awb-caption-title-line-height:var(--h2_typography-line-height);--awb-caption-title-letter-spacing:var(--h2_typography-letter-spacing);\"><div class=\"imageframe-align-center\"><span class=\" fusion-imageframe imageframe-none imageframe-3 hover-type-none box\"><img width=\"280\" height=\"160\" title=\"img2\" src=\"https:\/\/krausovyboudy.cz\/wp-content\/uploads\/2017\/02\/img2.jpg\" alt class=\"img-responsive wp-image-649\" srcset=\"https:\/\/krausovyboudy.cz\/wp-content\/uploads\/2017\/02\/img2-200x114.jpg 200w, https:\/\/krausovyboudy.cz\/wp-content\/uploads\/2017\/02\/img2.jpg 280w\" sizes=\"(max-width: 800px) 100vw, 280px\" \/><\/span><\/div><\/div><div class=\"fusion-clearfix\"><\/div><\/div><\/div><div class=\"fusion-layout-column fusion_builder_column fusion-builder-column-5 fusion_builder_column_1_4 1_4 fusion-one-fourth fusion-column-last\" style=\"--awb-bg-size:cover;width:25%;width:calc(25% - ( ( 4% + 4% + 4% ) * 0.25 ) );\"><div class=\"fusion-column-wrapper fusion-flex-column-wrapper-legacy\"><div class=\"fusion-image-element fusion-image-align-center in-legacy-container\" style=\"text-align:center;--awb-caption-title-font-family:var(--h2_typography-font-family);--awb-caption-title-font-weight:var(--h2_typography-font-weight);--awb-caption-title-font-style:var(--h2_typography-font-style);--awb-caption-title-size:var(--h2_typography-font-size);--awb-caption-title-transform:var(--h2_typography-text-transform);--awb-caption-title-line-height:var(--h2_typography-line-height);--awb-caption-title-letter-spacing:var(--h2_typography-letter-spacing);\"><div class=\"imageframe-align-center\"><span class=\" fusion-imageframe imageframe-none imageframe-4 hover-type-none box\"><img width=\"280\" height=\"160\" title=\"img3\" src=\"https:\/\/krausovyboudy.cz\/wp-content\/uploads\/2017\/02\/img3.jpg\" alt class=\"img-responsive wp-image-647\" srcset=\"https:\/\/krausovyboudy.cz\/wp-content\/uploads\/2017\/02\/img3-200x114.jpg 200w, https:\/\/krausovyboudy.cz\/wp-content\/uploads\/2017\/02\/img3.jpg 280w\" sizes=\"(max-width: 800px) 100vw, 280px\" \/><\/span><\/div><\/div><div class=\"fusion-clearfix\"><\/div><\/div><\/div><\/div><\/div><div class=\"fusion-fullwidth fullwidth-box fusion-builder-row-2 nonhundred-percent-fullwidth non-hundred-percent-height-scrolling\" style=\"--awb-border-radius-top-left:0px;--awb-border-radius-top-right:0px;--awb-border-radius-bottom-right:0px;--awb-border-radius-bottom-left:0px;--awb-padding-top:45px;--awb-padding-bottom:35px;--awb-background-color:#0d1d27;--awb-flex-wrap:wrap;\" ><div class=\"fusion-builder-row fusion-row\"><div class=\"fusion-layout-column fusion_builder_column fusion-builder-column-6 fusion_builder_column_1_3 1_3 fusion-one-third fusion-column-first\" style=\"--awb-bg-size:cover;width:33.333333333333%;width:calc(33.333333333333% - ( ( 4% ) * 0.33333333333333 ) );margin-right: 4%;\"><div class=\"fusion-column-wrapper fusion-flex-column-wrapper-legacy\"><div class=\"fusion-text fusion-text-4\"><h2><span style=\"color: #ffc600; font-size: 38px!important;\">Information<\/span><\/h2>\n<\/div><div class=\"fusion-sep-clear\"><\/div><div class=\"fusion-separator fusion-full-width-sep\" style=\"margin-left: auto;margin-right: auto;margin-bottom:20px;width:100%;\"><div class=\"fusion-separator-border sep-single sep-solid\" style=\"--awb-height:20px;--awb-amount:20px;--awb-sep-color:#ffc000;border-color:#ffc000;border-top-width:1px;\"><\/div><\/div><div class=\"fusion-sep-clear\"><\/div><div class=\"fusion-text fusion-text-5\"><p><span style=\"color: #b8d0e0;\">Two-bed, three-bed and four-bed rooms are equipped with satellite TV, shower, wash basin and flush toilet. For our guests there are two dining rooms, a&nbsp;kitchen nook, a&nbsp;terrace with a&nbsp;nice view to the mountains, a&nbsp;fireplace for barbecue, a&nbsp;meadow where you can sunbathe, ski and bikes for rent, darts and table football.<\/span><\/p>\n<div><span style=\"color: #b8d0e0;\">Labsk\u00e1 13, 543&nbsp;51 \u0160pindler\u016fv Ml\u00fdn<\/span><br \/>\n<span style=\"color: #b8d0e0;\"> Phone: +420&nbsp;499&nbsp;433&nbsp;110<\/span><br \/>\n<span style=\"color: #b8d0e0;\"> Email: <span style=\"color: #ffc600;\"><strong><a style=\"color: #ffc600;\" href=\"mailto:recepce@krausovyboudy.cz\">recepce@krausovyboudy.cz<\/a><\/strong><\/span><\/span><\/div>\n<\/div><div class=\"fusion-clearfix\"><\/div><\/div><\/div><div class=\"fusion-layout-column fusion_builder_column fusion-builder-column-7 fusion_builder_column_2_3 2_3 fusion-two-third fusion-column-last\" style=\"--awb-bg-size:cover;width:66.666666666667%;width:calc(66.666666666667% - ( ( 4% ) * 0.66666666666667 ) );\"><div class=\"fusion-column-wrapper fusion-flex-column-wrapper-legacy\"><div class=\"fusion-text fusion-text-6\"><h2><span style=\"color: #ffc600; font-size: 38px!important;\">Book your room<\/span><\/h2>\n<\/div><div class=\"fusion-sep-clear\"><\/div><div class=\"fusion-separator fusion-full-width-sep\" style=\"margin-left: auto;margin-right: auto;margin-bottom:20px;width:100%;\"><div class=\"fusion-separator-border sep-single sep-solid\" style=\"--awb-height:20px;--awb-amount:20px;--awb-sep-color:#ffc000;border-color:#ffc000;border-top-width:1px;\"><\/div><\/div><div class=\"fusion-sep-clear\"><\/div><div role=\"form\" class=\"wpcf7\" id=\"wpcf7-f333-o1\" lang=\"cs-CZ\" dir=\"ltr\">\n<div class=\"screen-reader-response\"><p role=\"status\" aria-live=\"polite\" aria-atomic=\"true\"><\/p> <ul><\/ul><\/div>\n<form action=\"\/en\/wp-json\/wp\/v2\/pages\/287#wpcf7-f333-o1\" method=\"post\" class=\"wpcf7-form init\" novalidate=\"novalidate\" data-status=\"init\">\n<div style=\"display: none;\">\n<input type=\"hidden\" name=\"_wpcf7\" value=\"333\" \/>\n<input type=\"hidden\" name=\"_wpcf7_version\" value=\"5.6.2\" \/>\n<input type=\"hidden\" name=\"_wpcf7_locale\" value=\"cs_CZ\" \/>\n<input type=\"hidden\" name=\"_wpcf7_unit_tag\" value=\"wpcf7-f333-o1\" \/>\n<input type=\"hidden\" name=\"_wpcf7_container_post\" value=\"0\" \/>\n<input type=\"hidden\" name=\"_wpcf7_posted_data_hash\" value=\"\" \/>\n<input type=\"hidden\" name=\"_wpcf7_recaptcha_response\" value=\"\" \/>\n<\/div>\n<div class=\"row\">\n<div class=\"col-md-4\"><label><br \/>\n    <span class=\"wpcf7-form-control-wrap\" data-name=\"your-name\"><input type=\"text\" name=\"your-name\" value=\"\" size=\"40\" class=\"wpcf7-form-control wpcf7-text wpcf7-validates-as-required\" aria-required=\"true\" aria-invalid=\"false\" placeholder=\"Your name\" \/><\/span> <\/label><\/div>\n<div class=\"col-md-4\"><label><br \/>\n    <span class=\"wpcf7-form-control-wrap\" data-name=\"your-email\"><input type=\"email\" name=\"your-email\" value=\"\" size=\"40\" class=\"wpcf7-form-control wpcf7-text wpcf7-email wpcf7-validates-as-required wpcf7-validates-as-email\" aria-required=\"true\" aria-invalid=\"false\" placeholder=\"Your email\" \/><\/span> <\/label><\/div>\n<div class=\"col-md-4\"><label><br \/>\n    <span class=\"wpcf7-form-control-wrap\" data-name=\"your-phone\"><input type=\"text\" name=\"your-phone\" value=\"\" size=\"40\" class=\"wpcf7-form-control wpcf7-text\" aria-invalid=\"false\" placeholder=\"Your phone\" \/><\/span> <\/label><\/div>\n<\/div>\n<p><label><br \/>\n    <span class=\"wpcf7-form-control-wrap\" data-name=\"your-message\"><textarea name=\"your-message\" cols=\"40\" rows=\"10\" class=\"wpcf7-form-control wpcf7-textarea\" aria-invalid=\"false\" placeholder=\"Your message\"><\/textarea><\/span> <\/label><\/p>\n<p>By entering your personal information, you agree to <a href=\"\/privacy-policy\/?lang=en\" target=\"_blank\">the privacy policy<\/a>.<\/p>\n<p><input type=\"submit\" value=\"Send message\" class=\"wpcf7-form-control has-spinner wpcf7-submit\" \/><\/p>\n<div class=\"fusion-alert alert custom alert-custom fusion-alert-center wpcf7-response-output awb-alert-native-link-color alert-dismissable awb-alert-close-boxed\" style=\"--awb-border-size:1px;--awb-border-top-left-radius:0px;--awb-border-top-right-radius:0px;--awb-border-bottom-left-radius:0px;--awb-border-bottom-right-radius:0px;\" role=\"alert\"><div class=\"fusion-alert-content-wrapper\"><span class=\"fusion-alert-content\"><\/span><\/div><button type=\"button\" class=\"close toggle-alert\" data-dismiss=\"alert\" aria-label=\"Close\">&times;<\/button><\/div><\/form><\/div><div class=\"fusion-clearfix\"><\/div><\/div><\/div><\/div><\/div><div class=\"fusion-fullwidth fullwidth-box fusion-builder-row-3 hundred-percent-fullwidth non-hundred-percent-height-scrolling\" style=\"--awb-border-radius-top-left:0px;--awb-border-radius-top-right:0px;--awb-border-radius-bottom-right:0px;--awb-border-radius-bottom-left:0px;--awb-padding-top:0px;--awb-padding-right:0px;--awb-padding-bottom:0px;--awb-padding-left:0px;--awb-margin-top:0px;--awb-margin-bottom:0px;--awb-flex-wrap:wrap;\" ><div class=\"fusion-builder-row fusion-row\"><div class=\"fusion-layout-column fusion_builder_column fusion-builder-column-8 fusion_builder_column_1_1 1_1 fusion-one-full fusion-column-first fusion-column-last\" style=\"--awb-bg-size:cover;\"><div class=\"fusion-column-wrapper fusion-flex-column-wrapper-legacy\"><iframe src=\"https:\/\/www.google.com\/maps\/embed?pb=!1m18!1m12!1m3!1d80835.69769549542!2d15.504786259281211!3d50.71779537594577!2m3!1f0!2f0!3f0!3m2!1i1024!2i768!4f13.1!3m3!1m2!1s0x470ec17e9eebffc5%3A0x6be78c15923c42bb!2zTGFic2vDoSAxMywgNTQzIDUxIMWgcGluZGxlcsWvdiBNbMO9bg!5e0!3m2!1scs!2scz!4v1661154335716!5m2!1scs!2scz\" width=\"100%\" height=\"450\" style=\"border:0;\" allowfullscreen=\"\" loading=\"lazy\" referrerpolicy=\"no-referrer-when-downgrade\"><\/iframe><div class=\"fusion-clearfix\"><\/div><\/div><\/div><\/div><\/div><\/p>\n","protected":false},"excerpt":{"rendered":"","protected":false},"author":2,"featured_media":0,"parent":0,"menu_order":0,"comment_status":"closed","ping_status":"open","template":"100-width.php","meta":{"ngg_post_thumbnail":0},"yoast_head":"<!-- This site is optimized with the Yoast SEO plugin v19.5.1 - https:\/\/yoast.com\/wordpress\/plugins\/seo\/ -->\n<title>HOME - Krausovy boudy<\/title>\n<meta name=\"robots\" content=\"index, follow, max-snippet:-1, max-image-preview:large, max-video-preview:-1\" \/>\n<link rel=\"canonical\" href=\"https:\/\/krausovyboudy.cz\/en\/\" \/>\n<meta property=\"og:locale\" content=\"en_US\" \/>\n<meta property=\"og:type\" content=\"article\" \/>\n<meta property=\"og:title\" content=\"HOME - Krausovy boudy\" \/>\n<meta property=\"og:url\" content=\"https:\/\/krausovyboudy.cz\/en\/\" \/>\n<meta property=\"og:site_name\" content=\"Krausovy boudy\" \/>\n<meta property=\"article:modified_time\" content=\"2022-08-22T07:48:19+00:00\" \/>\n<meta name=\"twitter:card\" content=\"summary\" \/>\n<meta name=\"twitter:label1\" content=\"Est. reading time\" \/>\n\t<meta name=\"twitter:data1\" content=\"5 minutes\" \/>\n<script type=\"application\/ld+json\" class=\"yoast-schema-graph\">{\"@context\":\"https:\/\/schema.org\",\"@graph\":[{\"@type\":\"WebPage\",\"@id\":\"https:\/\/krausovyboudy.cz\/en\/\",\"url\":\"https:\/\/krausovyboudy.cz\/en\/\",\"name\":\"HOME - Krausovy boudy\",\"isPartOf\":{\"@id\":\"https:\/\/krausovyboudy.cz\/#website\"},\"datePublished\":\"2017-08-28T11:45:00+00:00\",\"dateModified\":\"2022-08-22T07:48:19+00:00\",\"breadcrumb\":{\"@id\":\"https:\/\/krausovyboudy.cz\/en\/#breadcrumb\"},\"inLanguage\":\"en-US\",\"potentialAction\":[{\"@type\":\"ReadAction\",\"target\":[\"https:\/\/krausovyboudy.cz\/en\/\"]}]},{\"@type\":\"BreadcrumbList\",\"@id\":\"https:\/\/krausovyboudy.cz\/en\/#breadcrumb\",\"itemListElement\":[{\"@type\":\"ListItem\",\"position\":1,\"name\":\"Dom\u016f\",\"item\":\"https:\/\/krausovyboudy.cz\/en\/\"},{\"@type\":\"ListItem\",\"position\":2,\"name\":\"HOME\"}]},{\"@type\":\"WebSite\",\"@id\":\"https:\/\/krausovyboudy.cz\/#website\",\"url\":\"https:\/\/krausovyboudy.cz\/\",\"name\":\"Krausovy boudy\",\"description\":\"Rodinn\u00fd pension ve \u0160pindlerov\u011b Ml\u00fdn\u011b\",\"potentialAction\":[{\"@type\":\"SearchAction\",\"target\":{\"@type\":\"EntryPoint\",\"urlTemplate\":\"https:\/\/krausovyboudy.cz\/?s={search_term_string}\"},\"query-input\":\"required name=search_term_string\"}],\"inLanguage\":\"en-US\"}]}<\/script>\n<!-- \/ Yoast SEO plugin. -->","yoast_head_json":{"title":"HOME - Krausovy boudy","robots":{"index":"index","follow":"follow","max-snippet":"max-snippet:-1","max-image-preview":"max-image-preview:large","max-video-preview":"max-video-preview:-1"},"canonical":"https:\/\/krausovyboudy.cz\/en\/","og_locale":"en_US","og_type":"article","og_title":"HOME - Krausovy boudy","og_url":"https:\/\/krausovyboudy.cz\/en\/","og_site_name":"Krausovy boudy","article_modified_time":"2022-08-22T07:48:19+00:00","twitter_card":"summary","twitter_misc":{"Est. reading time":"5 minutes"},"schema":{"@context":"https:\/\/schema.org","@graph":[{"@type":"WebPage","@id":"https:\/\/krausovyboudy.cz\/en\/","url":"https:\/\/krausovyboudy.cz\/en\/","name":"HOME - Krausovy boudy","isPartOf":{"@id":"https:\/\/krausovyboudy.cz\/#website"},"datePublished":"2017-08-28T11:45:00+00:00","dateModified":"2022-08-22T07:48:19+00:00","breadcrumb":{"@id":"https:\/\/krausovyboudy.cz\/en\/#breadcrumb"},"inLanguage":"en-US","potentialAction":[{"@type":"ReadAction","target":["https:\/\/krausovyboudy.cz\/en\/"]}]},{"@type":"BreadcrumbList","@id":"https:\/\/krausovyboudy.cz\/en\/#breadcrumb","itemListElement":[{"@type":"ListItem","position":1,"name":"Dom\u016f","item":"https:\/\/krausovyboudy.cz\/en\/"},{"@type":"ListItem","position":2,"name":"HOME"}]},{"@type":"WebSite","@id":"https:\/\/krausovyboudy.cz\/#website","url":"https:\/\/krausovyboudy.cz\/","name":"Krausovy boudy","description":"Rodinn\u00fd pension ve \u0160pindlerov\u011b Ml\u00fdn\u011b","potentialAction":[{"@type":"SearchAction","target":{"@type":"EntryPoint","urlTemplate":"https:\/\/krausovyboudy.cz\/?s={search_term_string}"},"query-input":"required name=search_term_string"}],"inLanguage":"en-US"}]}},"_links":{"self":[{"href":"https:\/\/krausovyboudy.cz\/en\/wp-json\/wp\/v2\/pages\/287"}],"collection":[{"href":"https:\/\/krausovyboudy.cz\/en\/wp-json\/wp\/v2\/pages"}],"about":[{"href":"https:\/\/krausovyboudy.cz\/en\/wp-json\/wp\/v2\/types\/page"}],"author":[{"embeddable":true,"href":"https:\/\/krausovyboudy.cz\/en\/wp-json\/wp\/v2\/users\/2"}],"replies":[{"embeddable":true,"href":"https:\/\/krausovyboudy.cz\/en\/wp-json\/wp\/v2\/comments?post=287"}],"version-history":[{"count":10,"href":"https:\/\/krausovyboudy.cz\/en\/wp-json\/wp\/v2\/pages\/287\/revisions"}],"predecessor-version":[{"id":573,"href":"https:\/\/krausovyboudy.cz\/en\/wp-json\/wp\/v2\/pages\/287\/revisions\/573"}],"wp:attachment":[{"href":"https:\/\/krausovyboudy.cz\/en\/wp-json\/wp\/v2\/media?parent=287"}],"curies":[{"name":"wp","href":"https:\/\/api.w.org\/{rel}","templated":true}]}}