{"id":295,"date":"2017-02-20T10:59:40","date_gmt":"2017-02-20T09:59:40","guid":{"rendered":"http:\/\/krausovyboudy.cz\/ubytovani\/"},"modified":"2017-08-28T14:05:18","modified_gmt":"2017-08-28T12:05:18","slug":"ubytovani","status":"publish","type":"page","link":"https:\/\/krausovyboudy.cz\/en\/ubytovani\/","title":{"rendered":"Ubytov\u00e1n\u00ed"},"content":{"rendered":"<p><div class=\"fusion-fullwidth fullwidth-box fusion-builder-row-1 nonhundred-percent-fullwidth non-hundred-percent-height-scrolling\" style=\"--awb-border-radius-top-left:0px;--awb-border-radius-top-right:0px;--awb-border-radius-bottom-right:0px;--awb-border-radius-bottom-left:0px;--awb-padding-top:20px;--awb-padding-bottom:20px;--awb-flex-wrap:wrap;\" ><div class=\"fusion-builder-row fusion-row\"><div class=\"fusion-layout-column fusion_builder_column fusion-builder-column-0 fusion_builder_column_1_1 1_1 fusion-one-full fusion-column-first fusion-column-last\" style=\"--awb-bg-size:cover;\"><div class=\"fusion-column-wrapper fusion-flex-column-wrapper-legacy\"><div class=\"fusion-text fusion-text-1\"><h1>Accomodation<\/h1>\n<\/div><div class=\"fusion-sep-clear\"><\/div><div class=\"fusion-separator fusion-full-width-sep\" style=\"margin-left: auto;margin-right: auto;margin-bottom:25px;width:100%;\"><div class=\"fusion-separator-border sep-single sep-solid\" style=\"--awb-height:20px;--awb-amount:20px;--awb-sep-color:#ffc000;border-color:#ffc000;border-top-width:1px;\"><\/div><\/div><div class=\"fusion-sep-clear\"><\/div><div class=\"fusion-text fusion-text-2\"><h2>Host\u016fm jsou k&nbsp;dispozici:<\/h2>\n<div>&nbsp;<\/div>\n<div id=\"_mcePaste\">Two-bed, three-bed and four-bed rooms are equipped with satellite TV, shower, wash basin and flush toilet. For our guests there are two dining rooms, a&nbsp;kitchen nook, a&nbsp;terrace with a&nbsp;nice view to the mountains, a&nbsp;fireplace for barbecue, a&nbsp;meadow where you can sunbathe, ski and bikes for rent, darts and table football.<\/div>\n<div>&nbsp;<\/div>\n<div>&nbsp;<\/div>\n<div id=\"_mcePaste\"><strong>Rodin\u00e1m, kter\u00e9 maj\u00ed mal\u00e9 d\u011bti, zap\u016fj\u010d\u00edme (zdarma) d\u011btsk\u00e9 post\u00fdlky a&nbsp;j\u00eddeln\u00ed stoli\u010dky.<\/strong><\/div>\n<\/div><div class=\"fusion-clearfix\"><\/div><\/div><\/div><\/div><\/div><div class=\"fusion-fullwidth fullwidth-box fusion-builder-row-2 nonhundred-percent-fullwidth non-hundred-percent-height-scrolling fusion-equal-height-columns\" style=\"--awb-border-radius-top-left:0px;--awb-border-radius-top-right:0px;--awb-border-radius-bottom-right:0px;--awb-border-radius-bottom-left:0px;--awb-padding-top:20px;--awb-padding-bottom:40px;--awb-flex-wrap:wrap;\" ><div class=\"fusion-builder-row fusion-row\"><div class=\"fusion-layout-column fusion_builder_column fusion-builder-column-1 fusion_builder_column_1_3 1_3 fusion-one-third fusion-column-first\" style=\"--awb-bg-size:cover;width:33.333333333333%;width:calc(33.333333333333% - ( ( 4% + 4% ) * 0.33333333333333 ) );margin-right: 4%;\"><div class=\"fusion-column-wrapper fusion-flex-column-wrapper-legacy\"><div class=\"fusion-image-element fusion-image-align-center in-legacy-container\" style=\"text-align:center;--awb-caption-title-font-family:var(--h2_typography-font-family);--awb-caption-title-font-weight:var(--h2_typography-font-weight);--awb-caption-title-font-style:var(--h2_typography-font-style);--awb-caption-title-size:var(--h2_typography-font-size);--awb-caption-title-transform:var(--h2_typography-text-transform);--awb-caption-title-line-height:var(--h2_typography-line-height);--awb-caption-title-letter-spacing:var(--h2_typography-letter-spacing);\"><div class=\"imageframe-align-center\"><span class=\" fusion-imageframe imageframe-none imageframe-1 hover-type-none\"><a href=\"https:\/\/krausovyboudy.cz\/wp-content\/uploads\/2017\/02\/postel.jpg\" class=\"fusion-lightbox\" data-rel=\"iLightbox[8f77efba9da6a7d2aa8]\" data-title=\"postel\" title=\"postel\"><img width=\"800\" height=\"533\" src=\"https:\/\/krausovyboudy.cz\/wp-content\/uploads\/2017\/02\/postel.jpg\" alt class=\"img-responsive wp-image-751\" srcset=\"https:\/\/krausovyboudy.cz\/wp-content\/uploads\/2017\/02\/postel-200x133.jpg 200w, https:\/\/krausovyboudy.cz\/wp-content\/uploads\/2017\/02\/postel-400x267.jpg 400w, https:\/\/krausovyboudy.cz\/wp-content\/uploads\/2017\/02\/postel-600x400.jpg 600w, https:\/\/krausovyboudy.cz\/wp-content\/uploads\/2017\/02\/postel.jpg 800w\" sizes=\"(max-width: 800px) 100vw, 400px\" \/><\/a><\/span><\/div><\/div><div class=\"fusion-clearfix\"><\/div><\/div><\/div><div class=\"fusion-layout-column fusion_builder_column fusion-builder-column-2 fusion_builder_column_1_3 1_3 fusion-one-third\" style=\"--awb-bg-size:cover;width:33.333333333333%;width:calc(33.333333333333% - ( ( 4% + 4% ) * 0.33333333333333 ) );margin-right: 4%;\"><div class=\"fusion-column-wrapper fusion-flex-column-wrapper-legacy\"><div class=\"fusion-image-element fusion-image-align-center in-legacy-container\" style=\"text-align:center;--awb-caption-title-font-family:var(--h2_typography-font-family);--awb-caption-title-font-weight:var(--h2_typography-font-weight);--awb-caption-title-font-style:var(--h2_typography-font-style);--awb-caption-title-size:var(--h2_typography-font-size);--awb-caption-title-transform:var(--h2_typography-text-transform);--awb-caption-title-line-height:var(--h2_typography-line-height);--awb-caption-title-letter-spacing:var(--h2_typography-letter-spacing);\"><div class=\"imageframe-align-center\"><span class=\" fusion-imageframe imageframe-none imageframe-2 hover-type-none\"><a href=\"https:\/\/krausovyboudy.cz\/wp-content\/uploads\/2017\/02\/12.jpg\" class=\"fusion-lightbox\" data-rel=\"iLightbox[97d0553f83097247581]\" data-title=\"12\" title=\"12\"><img width=\"800\" height=\"533\" src=\"https:\/\/krausovyboudy.cz\/wp-content\/uploads\/2017\/02\/12.jpg\" alt class=\"img-responsive wp-image-715\" srcset=\"https:\/\/krausovyboudy.cz\/wp-content\/uploads\/2017\/02\/12-200x133.jpg 200w, https:\/\/krausovyboudy.cz\/wp-content\/uploads\/2017\/02\/12-400x267.jpg 400w, https:\/\/krausovyboudy.cz\/wp-content\/uploads\/2017\/02\/12-600x400.jpg 600w, https:\/\/krausovyboudy.cz\/wp-content\/uploads\/2017\/02\/12.jpg 800w\" sizes=\"(max-width: 800px) 100vw, 400px\" \/><\/a><\/span><\/div><\/div><div class=\"fusion-clearfix\"><\/div><\/div><\/div><div class=\"fusion-layout-column fusion_builder_column fusion-builder-column-3 fusion_builder_column_1_3 1_3 fusion-one-third fusion-column-last\" style=\"--awb-bg-size:cover;width:33.333333333333%;width:calc(33.333333333333% - ( ( 4% + 4% ) * 0.33333333333333 ) );\"><div class=\"fusion-column-wrapper fusion-flex-column-wrapper-legacy\"><div class=\"fusion-image-element fusion-image-align-center in-legacy-container\" style=\"text-align:center;--awb-caption-title-font-family:var(--h2_typography-font-family);--awb-caption-title-font-weight:var(--h2_typography-font-weight);--awb-caption-title-font-style:var(--h2_typography-font-style);--awb-caption-title-size:var(--h2_typography-font-size);--awb-caption-title-transform:var(--h2_typography-text-transform);--awb-caption-title-line-height:var(--h2_typography-line-height);--awb-caption-title-letter-spacing:var(--h2_typography-letter-spacing);\"><div class=\"imageframe-align-center\"><span class=\" fusion-imageframe imageframe-none imageframe-3 hover-type-none\"><a href=\"https:\/\/krausovyboudy.cz\/wp-content\/uploads\/2017\/02\/13.jpg\" class=\"fusion-lightbox\" data-rel=\"iLightbox[d2e8204182f4353d2b7]\" data-title=\"13\" title=\"13\"><img width=\"800\" height=\"533\" src=\"https:\/\/krausovyboudy.cz\/wp-content\/uploads\/2017\/02\/13.jpg\" alt class=\"img-responsive wp-image-717\" srcset=\"https:\/\/krausovyboudy.cz\/wp-content\/uploads\/2017\/02\/13-200x133.jpg 200w, https:\/\/krausovyboudy.cz\/wp-content\/uploads\/2017\/02\/13-400x267.jpg 400w, https:\/\/krausovyboudy.cz\/wp-content\/uploads\/2017\/02\/13-600x400.jpg 600w, https:\/\/krausovyboudy.cz\/wp-content\/uploads\/2017\/02\/13.jpg 800w\" sizes=\"(max-width: 800px) 100vw, 400px\" \/><\/a><\/span><\/div><\/div><div class=\"fusion-clearfix\"><\/div><\/div><\/div><\/div><\/div><\/p>\n","protected":false},"excerpt":{"rendered":"","protected":false},"author":3,"featured_media":0,"parent":0,"menu_order":0,"comment_status":"closed","ping_status":"closed","template":"","meta":{"ngg_post_thumbnail":0},"yoast_head":"<!-- This site is optimized with the Yoast SEO plugin v19.5.1 - https:\/\/yoast.com\/wordpress\/plugins\/seo\/ -->\n<title>Ubytov\u00e1n\u00ed - Krausovy boudy<\/title>\n<meta name=\"robots\" content=\"index, follow, max-snippet:-1, max-image-preview:large, max-video-preview:-1\" \/>\n<link rel=\"canonical\" href=\"https:\/\/krausovyboudy.cz\/en\/ubytovani\/\" \/>\n<meta property=\"og:locale\" content=\"en_US\" \/>\n<meta property=\"og:type\" content=\"article\" \/>\n<meta property=\"og:title\" content=\"Ubytov\u00e1n\u00ed - Krausovy boudy\" \/>\n<meta property=\"og:url\" content=\"https:\/\/krausovyboudy.cz\/en\/ubytovani\/\" \/>\n<meta property=\"og:site_name\" content=\"Krausovy boudy\" \/>\n<meta property=\"article:modified_time\" content=\"2017-08-28T12:05:18+00:00\" \/>\n<meta name=\"twitter:card\" content=\"summary\" \/>\n<meta name=\"twitter:label1\" content=\"Est. reading time\" \/>\n\t<meta name=\"twitter:data1\" content=\"4 minutes\" \/>\n<script type=\"application\/ld+json\" class=\"yoast-schema-graph\">{\"@context\":\"https:\/\/schema.org\",\"@graph\":[{\"@type\":\"WebPage\",\"@id\":\"https:\/\/krausovyboudy.cz\/en\/ubytovani\/\",\"url\":\"https:\/\/krausovyboudy.cz\/en\/ubytovani\/\",\"name\":\"Ubytov\u00e1n\u00ed - Krausovy boudy\",\"isPartOf\":{\"@id\":\"https:\/\/krausovyboudy.cz\/#website\"},\"datePublished\":\"2017-02-20T09:59:40+00:00\",\"dateModified\":\"2017-08-28T12:05:18+00:00\",\"breadcrumb\":{\"@id\":\"https:\/\/krausovyboudy.cz\/en\/ubytovani\/#breadcrumb\"},\"inLanguage\":\"en-US\",\"potentialAction\":[{\"@type\":\"ReadAction\",\"target\":[\"https:\/\/krausovyboudy.cz\/en\/ubytovani\/\"]}]},{\"@type\":\"BreadcrumbList\",\"@id\":\"https:\/\/krausovyboudy.cz\/en\/ubytovani\/#breadcrumb\",\"itemListElement\":[{\"@type\":\"ListItem\",\"position\":1,\"name\":\"Dom\u016f\",\"item\":\"https:\/\/krausovyboudy.cz\/en\/\"},{\"@type\":\"ListItem\",\"position\":2,\"name\":\"Ubytov\u00e1n\u00ed\"}]},{\"@type\":\"WebSite\",\"@id\":\"https:\/\/krausovyboudy.cz\/#website\",\"url\":\"https:\/\/krausovyboudy.cz\/\",\"name\":\"Krausovy boudy\",\"description\":\"Rodinn\u00fd pension ve \u0160pindlerov\u011b Ml\u00fdn\u011b\",\"potentialAction\":[{\"@type\":\"SearchAction\",\"target\":{\"@type\":\"EntryPoint\",\"urlTemplate\":\"https:\/\/krausovyboudy.cz\/?s={search_term_string}\"},\"query-input\":\"required name=search_term_string\"}],\"inLanguage\":\"en-US\"}]}<\/script>\n<!-- \/ Yoast SEO plugin. -->","yoast_head_json":{"title":"Ubytov\u00e1n\u00ed - Krausovy boudy","robots":{"index":"index","follow":"follow","max-snippet":"max-snippet:-1","max-image-preview":"max-image-preview:large","max-video-preview":"max-video-preview:-1"},"canonical":"https:\/\/krausovyboudy.cz\/en\/ubytovani\/","og_locale":"en_US","og_type":"article","og_title":"Ubytov\u00e1n\u00ed - Krausovy boudy","og_url":"https:\/\/krausovyboudy.cz\/en\/ubytovani\/","og_site_name":"Krausovy boudy","article_modified_time":"2017-08-28T12:05:18+00:00","twitter_card":"summary","twitter_misc":{"Est. reading time":"4 minutes"},"schema":{"@context":"https:\/\/schema.org","@graph":[{"@type":"WebPage","@id":"https:\/\/krausovyboudy.cz\/en\/ubytovani\/","url":"https:\/\/krausovyboudy.cz\/en\/ubytovani\/","name":"Ubytov\u00e1n\u00ed - Krausovy boudy","isPartOf":{"@id":"https:\/\/krausovyboudy.cz\/#website"},"datePublished":"2017-02-20T09:59:40+00:00","dateModified":"2017-08-28T12:05:18+00:00","breadcrumb":{"@id":"https:\/\/krausovyboudy.cz\/en\/ubytovani\/#breadcrumb"},"inLanguage":"en-US","potentialAction":[{"@type":"ReadAction","target":["https:\/\/krausovyboudy.cz\/en\/ubytovani\/"]}]},{"@type":"BreadcrumbList","@id":"https:\/\/krausovyboudy.cz\/en\/ubytovani\/#breadcrumb","itemListElement":[{"@type":"ListItem","position":1,"name":"Dom\u016f","item":"https:\/\/krausovyboudy.cz\/en\/"},{"@type":"ListItem","position":2,"name":"Ubytov\u00e1n\u00ed"}]},{"@type":"WebSite","@id":"https:\/\/krausovyboudy.cz\/#website","url":"https:\/\/krausovyboudy.cz\/","name":"Krausovy boudy","description":"Rodinn\u00fd pension ve \u0160pindlerov\u011b Ml\u00fdn\u011b","potentialAction":[{"@type":"SearchAction","target":{"@type":"EntryPoint","urlTemplate":"https:\/\/krausovyboudy.cz\/?s={search_term_string}"},"query-input":"required name=search_term_string"}],"inLanguage":"en-US"}]}},"_links":{"self":[{"href":"https:\/\/krausovyboudy.cz\/en\/wp-json\/wp\/v2\/pages\/295"}],"collection":[{"href":"https:\/\/krausovyboudy.cz\/en\/wp-json\/wp\/v2\/pages"}],"about":[{"href":"https:\/\/krausovyboudy.cz\/en\/wp-json\/wp\/v2\/types\/page"}],"author":[{"embeddable":true,"href":"https:\/\/krausovyboudy.cz\/en\/wp-json\/wp\/v2\/users\/3"}],"replies":[{"embeddable":true,"href":"https:\/\/krausovyboudy.cz\/en\/wp-json\/wp\/v2\/comments?post=295"}],"version-history":[{"count":2,"href":"https:\/\/krausovyboudy.cz\/en\/wp-json\/wp\/v2\/pages\/295\/revisions"}],"predecessor-version":[{"id":310,"href":"https:\/\/krausovyboudy.cz\/en\/wp-json\/wp\/v2\/pages\/295\/revisions\/310"}],"wp:attachment":[{"href":"https:\/\/krausovyboudy.cz\/en\/wp-json\/wp\/v2\/media?parent=295"}],"curies":[{"name":"wp","href":"https:\/\/api.w.org\/{rel}","templated":true}]}}